{"id":17729,"date":"2026-02-11T11:57:37","date_gmt":"2026-02-11T16:57:37","guid":{"rendered":"http:\/\/localhost\/hertz\/?page_id=17729"},"modified":"2026-03-11T00:23:08","modified_gmt":"2026-03-11T05:23:08","slug":"page-one","status":"publish","type":"page","link":"https:\/\/hertzperu.com.pe\/en\/page-one\/","title":{"rendered":"Blog &#8211; Page one"},"content":{"rendered":"<div class=\"wpb-content-wrapper\"><section class=\"vc_section\"><div id=\"vc_row_1770869321013-07a1a25f-2ae8\" class=\"vc_row wpb_row vc_row-fluid vc_custom_1771152911007 row-background-light vc_custom_1771152911008 vc_row-o-equal-height vc_row-flex\"><div class=\"wpb_column vc_column_container vc_col-sm-12 vc_col-lg-8 col-background-light\"><div class=\"vc_column-inner \"><div class=\"wpb_wrapper\">\n\t<div class=\"wpb_text_column wpb_content_element vc_custom_1773206580864\" >\n\t\t<div class=\"wpb_wrapper\">\n\t\t\t<p><strong><span style=\"color: #000000;\"><a style=\"color: #000000;\" href=\"https:\/\/hertzperu.com.pe\/blog\/\">\u2190 TODOS LOS ART\u00cdCULOS<\/a><\/span><\/strong><\/p>\n\n\t\t<\/div>\n\t<\/div>\n\n\t<div class=\"wpb_text_column wpb_content_element\" >\n\t\t<div class=\"wpb_wrapper\">\n\t\t\t<h2><span style=\"font-size: 24px;\">\u00bfPor qu\u00e9 Hertz es tu mejor aliado en viajes de negocios?<\/span><\/h2>\n<p><span style=\"color: #000000;\">Cuando se trata de viajes de negocios, cada minuto cuenta. La puntualidad, la eficiencia y la comodidad no son un lujo: son una necesidad. En Hertz, entendemos que los traslados corporativos deben adaptarse al ritmo de tu agenda, no al rev\u00e9s. Por eso, m\u00e1s que un servicio de alquiler de autos, te ofrecemos un aliado estrat\u00e9gico en movimiento.<\/span><\/p>\n<p>&nbsp;<\/p>\n<p><span style=\"color: #000000;\"><strong>1. Movilidad a tu ritmo<\/strong><\/span><\/p>\n<p><span style=\"color: #000000;\">Con Hertz, t\u00fa decides c\u00f3mo moverte. Nuestro servicio de alquiler de autos te da la libertad de manejar tus tiempos sin depender de terceros. \u00bfReuniones en distintas ciudades? \u00bfUna visita a un cliente en una zona alejada? Con un veh\u00edculo a tu disposici\u00f3n, eliminas los contratiempos y mantienes el control total de tus trayectos.<\/span><\/p>\n<p>&nbsp;<\/p>\n<p><span style=\"color: #000000;\"><strong>2. Amplia flota corporativa para cada necesidad<\/strong><\/span><\/p>\n<p><span style=\"color: #000000;\">Desde sedanes ejecutivos hasta camionetas ideales para traslados fuera de la ciudad, nuestra flota se adapta a las exigencias del mundo corporativo. Todos nuestros veh\u00edculos son modernos, est\u00e1n en perfecto estado y cuentan con mantenimientos constantes para garantizar tu seguridad y la mejor experiencia de manejo.<\/span><\/p>\n<p>&nbsp;<\/p>\n<p><span style=\"color: #000000;\"><strong>3. Kilometraje ilimitado y reservas flexibles<\/strong><\/span><\/p>\n<p><span style=\"color: #000000;\">Sabemos que los planes de negocios pueden cambiar en cualquier momento. Por eso, te ofrecemos kilometraje ilimitado y reservas flexibles, para que puedas moverte sin restricciones y adaptar tu alquiler seg\u00fan la evoluci\u00f3n de tu agenda.<\/span><\/p>\n<p>&nbsp;<\/p>\n<p><span style=\"color: #000000;\"><strong>4. Cobertura a nivel nacional<\/strong><\/span><\/p>\n<p><span style=\"color: #000000;\">\u00bfTu negocio te lleva de Lima a Arequipa, o de Trujillo a Cusco? No importa en qu\u00e9 parte del Per\u00fa est\u00e9s: estamos contigo. Contamos con cobertura nacional y oficinas en los principales aeropuertos y ciudades del pa\u00eds, listas para atenderte con rapidez y eficiencia.<\/span><\/p>\n<p>&nbsp;<\/p>\n<p><span style=\"color: #000000;\"><strong>5. Atenci\u00f3n preferencial para empresas y ejecutivos<\/strong><\/span><\/p>\n<p><span style=\"color: #000000;\">Los clientes corporativos de Hertz disfrutan de atenci\u00f3n personalizada, canales directos de contacto, asesor\u00eda permanente y planes especiales para alquileres recurrentes o de largo plazo. Adem\u00e1s, ofrecemos beneficios exclusivos para empresas que conf\u00edan en nosotros como su proveedor oficial de movilidad.<\/span><\/p>\n<p>&nbsp;<\/p>\n<p><span style=\"color: #000000;\"><strong>6. Tecnolog\u00eda y procesos \u00e1giles<\/strong><\/span><\/p>\n<p><span style=\"color: #000000;\">Desde la reserva online hasta la devoluci\u00f3n del veh\u00edculo, optimizamos cada paso para que tu experiencia sea r\u00e1pida y sin fricciones. Con nuestra plataforma digital intuitiva y procesos automatizados, el tiempo de espera es m\u00ednimo y el enfoque siempre est\u00e1 en tu productividad.<\/span><\/p>\n<p>&nbsp;<\/p>\n<p><span style=\"color: #000000;\">Elegir Hertz es elegir confianza, eficiencia y respaldo profesional. Cada detalle de nuestro servicio est\u00e1 dise\u00f1ado para que t\u00fa te enfoques en lo m\u00e1s importante: cerrar negocios, fortalecer relaciones y hacer crecer tu empresa.<\/span><\/p>\n\n\t\t<\/div>\n\t<\/div>\n<\/div><\/div><\/div><div class=\"wpb_column vc_column_container vc_col-sm-12 vc_col-lg-1 col-background-light\" id=\"vc_col_1770876730219-34f1393e-99d7\"><div class=\"vc_column-inner \"><div class=\"wpb_wrapper\"><\/div><\/div><\/div><div class=\"right-column wpb_column vc_column_container vc_col-sm-12 vc_col-lg-3 col-background-light\"><div class=\"vc_column-inner \"><div class=\"wpb_wrapper\">\n\t<div class=\"wpb_text_column wpb_content_element vc_custom_1771152837600\" >\n\t\t<div class=\"wpb_wrapper\">\n\t\t\t<p><span style=\"color: #000000;\">A UN SOLO PASO<\/span><\/p>\n<h6 style=\"text-align: left;\"><strong><span style=\"color: #000000;\">\u00a1Alquila online sin complicaciones!<\/span><\/strong><\/h6>\n<p><span style=\"font-size: 16px; color: #000000; line-height: 1.4;\">Si ya tienes las fechas en las que deseas alquilar un veh\u00edculo, res\u00e9rvalo v\u00eda online y obt\u00e9n descuentos exclusivos.<\/span><\/p>\n\n\t\t<\/div>\n\t<\/div>\n<div class=\"vc_btn3-container vc_btn3-center vc_custom_1771152816788 vc_do_btn\" id=\"reserve\" ><button class=\"vc_general vc_btn3 vc_btn3-size-lg vc_btn3-shape-rounded vc_btn3-style-modern vc_btn3-color-black\">COMIENCE AHORA<\/button><\/div><\/div><\/div><\/div><\/div><\/section><section class=\"vc_section\"><div id=\"vc_row_1770873513443-4a515800-0cd7\" class=\"vc_row wpb_row vc_row-fluid row-background-light\"><div class=\"wpb_column vc_column_container vc_col-sm-12 col-background-light\" id=\"vc_col_1770873513455-a19c85c2-6224\"><div class=\"vc_column-inner \"><div class=\"wpb_wrapper\">\n\t<div class=\"wpb_raw_code wpb_raw_html wpb_content_element\" >\n\t\t<div class=\"wpb_wrapper\">\n\t\t\t<style>\n    .rigth-column > div {\n        \/*display: flex;*\/\n        \/*align-items: center;*\/\n        \/*justify-content: center;*\/\n    }\n    \n    #reserve button {\n        \/*font-size: 26px;*\/\n        font-weight: bold;\n    }\n<\/style>\n\t\t<\/div>\n\t<\/div>\n\n\t<div class=\"wpb_raw_code wpb_raw_html wpb_content_element\" >\n\t\t<div class=\"wpb_wrapper\">\n\t\t\t<!-- Modal -->\n<div class=\"modal fade\" id=\"ssiWidgetModal\" tabindex=\"-1\" role=\"dialog\" aria-labelledby=\"myModalLabel\">\n  <div class=\"modal-dialog\" role=\"document\">\n    <div class=\"modal-content\">\n      <div class=\"modal-body\">\n        <div id=\"ssi-widget-mobile-slot\"><\/div>\n      <\/div>\n    <\/div>\n  <\/div>\n<\/div>\n\n<script>\n    jQuery(function($) {\n        var $ssiWidget = $('#ssi-widget');\n        var $pickupSelect = $('select[name=\"crbs_pickup_location_id\"]');\n        \n        \/\/ Consultar tama\u00f1o de pantalla\n        var mq = window.matchMedia('(min-width: 992px)');\n        \n        \n        if (mq.matches) {\n            $('#reserve button').click(function() {\n                if ($ssiWidget.is(':hidden')) $ssiWidget.show();\n            \n                setTimeout(function() {\n                    $pickupSelect.selectmenu('open');\n                }, 500);\n            });\n        } else {\n            \/\/ Mover formulario al body del modal\n            $('#ssi-widget-mobile-slot').append($ssiWidget);\n            \n            \/\/ configurar boton para abrir modal\n            $('#reserve button').attr('data-toggle', 'modal');\n            $('#reserve button').attr('data-target', '#ssiWidgetModal');\n            \n            \/\/ Mostrar formualrio porque por defecto esta oculto\n            $ssiWidget.show();\n        }\n    });\n<\/script>\n\t\t<\/div>\n\t<\/div>\n<\/div><\/div><\/div><\/div><\/section>\n<\/div>","protected":false},"excerpt":{"rendered":"\u2190 TODOS LOS ART\u00cdCULOS \u00bfPor qu\u00e9 Hertz es tu mejor aliado en viajes de negocios? Cuando se trata de viajes de negocios, cada minuto cuenta. La puntualidad, la eficiencia y la comodidad no son un lujo: son una necesidad. En Hertz, entendemos que los traslados corporativos deben adaptarse al ritmo de tu agenda, no al [...]","protected":false},"author":1,"featured_media":0,"parent":0,"menu_order":0,"comment_status":"closed","ping_status":"closed","template":"templates\/page-vc_compatible.php","meta":{"_acf_changed":false,"footnotes":""},"class_list":["post-17729","page","type-page","status-publish","hentry"],"acf":[],"_links":{"self":[{"href":"https:\/\/hertzperu.com.pe\/en\/wp-json\/wp\/v2\/pages\/17729","targetHints":{"allow":["GET"]}}],"collection":[{"href":"https:\/\/hertzperu.com.pe\/en\/wp-json\/wp\/v2\/pages"}],"about":[{"href":"https:\/\/hertzperu.com.pe\/en\/wp-json\/wp\/v2\/types\/page"}],"author":[{"embeddable":true,"href":"https:\/\/hertzperu.com.pe\/en\/wp-json\/wp\/v2\/users\/1"}],"replies":[{"embeddable":true,"href":"https:\/\/hertzperu.com.pe\/en\/wp-json\/wp\/v2\/comments?post=17729"}],"version-history":[{"count":5,"href":"https:\/\/hertzperu.com.pe\/en\/wp-json\/wp\/v2\/pages\/17729\/revisions"}],"predecessor-version":[{"id":18118,"href":"https:\/\/hertzperu.com.pe\/en\/wp-json\/wp\/v2\/pages\/17729\/revisions\/18118"}],"wp:attachment":[{"href":"https:\/\/hertzperu.com.pe\/en\/wp-json\/wp\/v2\/media?parent=17729"}],"curies":[{"name":"wp","href":"https:\/\/api.w.org\/{rel}","templated":true}]}}